{"id":1866,"date":"2019-03-03T08:21:13","date_gmt":"2019-03-03T08:21:13","guid":{"rendered":"http:\/\/brabus.local\/home-copy\/"},"modified":"2024-03-26T21:45:17","modified_gmt":"2024-03-26T21:45:17","slug":"sobre","status":"publish","type":"page","link":"https:\/\/www.umagencia.com\/umv1\/sobre\/","title":{"rendered":"SOBRE"},"content":{"rendered":"<div class=\"wpb-content-wrapper\"><p>[vc_row use_container=&#8221;yes&#8221; use_predefined_class=&#8221;yes&#8221;][vc_column][ts_section_title animate_block=&#8221;yes&#8221; animation_type=&#8221;fadeIn&#8221; tagline=&#8221;Conhe\u00e7a a UM&#8221; title=&#8221;Somos especialistas em fazer a sua marca crescer&#8221; background_title=&#8221;Um Ag\u00eancia&#8221;][vc_row_inner][vc_column_inner offset=&#8221;vc_col-md-5&#8243;][ts_text_block animate_block=&#8221;yes&#8221; animation_type=&#8221;fadeIn&#8221;]<\/p>\n<h4><strong>Temos paix\u00e3o por resultados e, por isso, vamos al\u00e9m<\/strong><\/h4>\n<p>[\/ts_text_block][\/vc_column_inner][vc_column_inner offset=&#8221;vc_col-md-7&#8243;][ts_text_block animate_block=&#8221;yes&#8221; animation_type=&#8221;fadeIn&#8221; animation_delay=&#8221;0.01s&#8221;]<\/p>\n<ul>\n<li style=\"font-weight: 400;\" aria-level=\"1\"><span style=\"font-weight: 400;\">14 anos de expertise<\/span><\/li>\n<li style=\"font-weight: 400;\" aria-level=\"1\"><span style=\"font-weight: 400;\">Clientes em todas as regi\u00f5es do Brasil<\/span><\/li>\n<li style=\"font-weight: 400;\" aria-level=\"1\"><span style=\"font-weight: 400;\">Unidades no RJ e SP<\/span><\/li>\n<li style=\"font-weight: 400;\" aria-level=\"1\"><span style=\"font-weight: 400;\">Portf\u00f3lio de mais de 100 empresas<\/span><\/li>\n<li style=\"font-weight: 400;\" aria-level=\"1\"><span style=\"font-weight: 400;\">Parceria oficial com Google, Facebook e RD Station<\/span><\/li>\n<li style=\"font-weight: 400;\" aria-level=\"1\"><span style=\"font-weight: 400;\">\u00danica ag\u00eancia Assoparts do Brasil<\/span><\/li>\n<li style=\"font-weight: 400;\" aria-level=\"1\"><span style=\"font-weight: 400;\">Metodologia pr\u00f3pria com foco em performance<\/span><\/li>\n<li style=\"font-weight: 400;\" aria-level=\"1\"><span style=\"font-weight: 400;\">Maior infraestrutura da regi\u00e3o<\/span><\/li>\n<li style=\"font-weight: 400;\" aria-level=\"1\"><span style=\"font-weight: 400;\">Equipamentos de produ\u00e7\u00e3o mais modernos do mercado<\/span><\/li>\n<li style=\"font-weight: 400;\" aria-level=\"1\"><span style=\"font-weight: 400;\">Mentalidade de coevolu\u00e7\u00e3o<\/span><\/li>\n<\/ul>\n<p>[\/ts_text_block][\/vc_column_inner][\/vc_row_inner][\/vc_column][\/vc_row][vc_row section_background_color=&#8221;#0a2240&#8243; use_container=&#8221;yes&#8221;][vc_column][ts_section_title title_color=&#8221;light&#8221; animate_block=&#8221;yes&#8221; animation_type=&#8221;fadeIn&#8221; tagline=&#8221;NOSSA CULTURA&#8221; title=&#8221;Coevolu\u00e7\u00e3o&#8221; background_title=&#8221;Coevoluir&#8221;][vc_row_inner][vc_column_inner offset=&#8221;vc_col-md-6 vc_col-xs-12&#8243;][vc_column_text css=&#8221;.vc_custom_1642607236041{padding-right: 50px !important;}&#8221; el_class=&#8221;text-white&#8221;]Durante pesquisas sobre a nosso DNA organizacional, identificamos um processo biol\u00f3gico que adotamos como nosso conceito relacional. O conceito de <strong>coevolu\u00e7\u00e3o (evoluir conjuntamente)<\/strong>.<\/p>\n<p>Toda a\u00e7\u00e3o bem sucedida \u00e9 resultado de um trabalho em conjunto, de troca, autoconhecimento, feedback, constru\u00e7\u00e3o, cumplicidade e aprendizado. Coevolu\u00e7\u00e3o, portanto, \u00e9 um conceito que nos ampara.<br \/>\n<strong>Aprendemos para ensinar e ensinamos para aprender<\/strong>.[\/vc_column_text][\/vc_column_inner][vc_column_inner offset=&#8221;vc_col-md-1 vc_hidden-sm vc_hidden-xs&#8221;][\/vc_column_inner][vc_column_inner offset=&#8221;vc_col-md-5 vc_col-xs-12&#8243;][vc_column_text el_class=&#8221;text-white&#8221; css=&#8221;.vc_custom_1643133264455{border-right-width: 0px !important;}&#8221;]<span style=\"font-weight: 400;\">UM \u00e9 originado de <\/span><strong>Um<\/strong><span style=\"font-weight: 400;\"><strong>brella<\/strong>, que significa guarda-chuva.<\/span><\/p>\n<p><span style=\"font-weight: 400;\">Esse \u00e9 o s\u00edmbolo que representa nossa prote\u00e7\u00e3o: fa\u00e7a chuva ou fa\u00e7a sol, caminharemos juntos sob um guarda-chuva que protege, acolhe e une.<\/span>[\/vc_column_text][vc_single_image image=&#8221;2574&#8243; img_size=&#8221;400&#215;243&#8243;][\/vc_column_inner][\/vc_row_inner][\/vc_column][\/vc_row][vc_row use_container=&#8221;yes&#8221; use_predefined_class=&#8221;yes&#8221; predefined_class=&#8221;text-center&#8221;][vc_column][ts_section_title animate_block=&#8221;yes&#8221; animation_type=&#8221;fadeIn&#8221; tagline=&#8221;COMO CHEGAMOS AT\u00c9 AQUI&#8221; title=&#8221;Nossa Hist\u00f3ria&#8221; background_title=&#8221;Hist\u00f3ria&#8221;][vc_row_inner][vc_column_inner offset=&#8221;vc_col-xs-12&#8243;][vc_video link=&#8221;https:\/\/player.vimeo.com\/video\/521058414&#8243;][\/vc_column_inner][\/vc_row_inner][\/vc_column][\/vc_row][vc_row section_background_color=&#8221;#0a2240&#8243; use_container=&#8221;yes&#8221;][vc_column][ts_section_title title_color=&#8221;light&#8221; animate_block=&#8221;yes&#8221; animation_type=&#8221;fadeIn&#8221; tagline=&#8221;UPDATES&#8221; title=&#8221;Confira nossas novidades&#8221; background_title=&#8221;Updates&#8221;][vc_basic_grid post_type=&#8221;post&#8221; max_items=&#8221;6&#8243; style=&#8221;pagination&#8221; items_per_page=&#8221;6&#8243; paging_design=&#8221;none&#8221; loop=&#8221;yes&#8221; grid_id=&#8221;vc_gid:1711489473142-ab3b974c-3d69-7&#8243;][\/vc_column][\/vc_row][vc_row use_container=&#8221;yes&#8221; section_background_image=&#8221;2363&#8243;][vc_column offset=&#8221;vc_col-md-5&#8243;][ts_section_title animate_block=&#8221;yes&#8221; animation_type=&#8221;fadeIn&#8221; tagline=&#8221;GUARDA-CHUVA UM&#8221; title=&#8221;Nossos neg\u00f3cios&#8221;][ts_text_block has_readmore=&#8221;yes&#8221; readmore_label=&#8221;Saiba Mais&#8221; animate_block=&#8221;yes&#8221; animation_type=&#8221;fadeIn&#8221; readmore_link=&#8221;\/contato\/&#8221;]<\/p>\n<h4>Muito mais que uma ag\u00eancia, somos um hub de neg\u00f3cios, conectando startups e novos neg\u00f3cios que se enquadram em macrotend\u00eancias e inova\u00e7\u00e3o.<\/h4>\n<p>[\/ts_text_block][\/vc_column][vc_column offset=&#8221;vc_col-md-7&#8243;][vc_empty_space height=&#8221;40px&#8221;][vc_raw_html]JTNDc3R5bGUlMjBzY29wZWQlM0UlMEElMjAlMjAlMjNjb250YWluZXItY2xpZW50cyUyMCU3QiUwQSUyMCUyMCUyMCUyMHdpZHRoJTNBJTIwMTAwJTI1JTIwJTIxaW1wb3J0YW50JTNCJTBBJTIwJTIwJTIwJTIwaGVpZ2h0JTNBJTIwMTAwJTI1JTIwJTIxaW1wb3J0YW50JTNCJTBBJTIwJTIwJTIwJTIwZGlzcGxheSUzQSUyMGZsZXglMjAlMjFpbXBvcnRhbnQlM0IlMEElMjAlMjAlMjAlMjBmbGV4LWRpcmVjdGlvbiUzQSUyMGNvbHVtbiUyMCUyMWltcG9ydGFudCUzQiUwQSUyMCUyMCUyMCUyMGZsZXgtd3JhcCUzQSUyMHdyYXAlMjAlMjFpbXBvcnRhbnQlM0IlMEElMjAlMjAlMjAlMjBhbGlnbi1pdGVtcyUzQSUyMGNlbnRlciUyMCUyMWltcG9ydGFudCUzQiUwQSUyMCUyMCUyMCUyMGp1c3RpZnktY29udGVudCUzQSUyMGNlbnRlciUyMCUyMWltcG9ydGFudCUzQiUwQSUyMCUyMCU3RCUwQSUwQSUyMCUyMCUyM2NvbnRhaW5lci1jbGllbnRzJTIwLmxpbmUlMjAlN0IlMEElMjAlMjAlMjAlMjBkaXNwbGF5JTNBJTIwZmxleCUyMCUyMWltcG9ydGFudCUzQiUwQSUyMCUyMCUyMCUyMGZsZXgtZ3JvdyUzQSUyMDElMjAlMjFpbXBvcnRhbnQlM0IlMEElMjAlMjAlMjAlMjBmbGV4LXNocmluayUzQSUyMDElMjAlMjFpbXBvcnRhbnQlM0IlMEElMjAlMjAlMjAlMjBmbGV4LWJhc2lzJTNBJTIwYXV0byUyMCUyMWltcG9ydGFudCUzQiUwQSUyMCUyMCUyMCUyMHdpZHRoJTNBJTIwMTAwJTI1JTIwJTIxaW1wb3J0YW50JTNCJTBBJTIwJTIwJTIwJTIwYWxpZ24taXRlbXMlM0ElMjBjZW50ZXIlMjAlMjFpbXBvcnRhbnQlM0IlMEElMjAlMjAlMjAlMjBqdXN0aWZ5LWNvbnRlbnQlM0ElMjBzcGFjZS1hcm91bmQlMjAlMjFpbXBvcnRhbnQlM0IlMEElMjAlMjAlMjAlMjBmbGV4LXdyYXAlM0ElMjB3cmFwJTIwJTIxaW1wb3J0YW50JTNCJTBBJTIwJTIwJTdEJTBBJTBBJTIwJTIwJTIzY29udGFpbmVyLWNsaWVudHMlMjAuaXRlbXMtY2xpZW50cyUzQWhvdmVyJTIwJTdCJTBBJTIwJTIwJTIwJTIwdHJhbnNmb3JtJTNBJTIwc2NhbGUlMjgxLjA1JTI5JTNCJTBBJTIwJTIwJTdEJTBBJTBBJTIwJTIwJTIzY29udGFpbmVyLWNsaWVudHMlMjAuaXRlbXMtY2xpZW50cyUyMCU3QiUwQSUyMCUyMCUyMCUyMHRyYW5zaXRpb24lM0ElMjBhbGwlMjBlYXNlLWluLW91dCUyMDAuM3MlMjAlMjFpbXBvcnRhbnQlM0IlMEElMjAlMjAlMjAlMjBkaXNwbGF5JTNBJTIwZmxleCUyMCUyMWltcG9ydGFudCUzQiUwQSUyMCUyMCUyMCUyMGJvcmRlciUzQSUyMDFweCUyMHNvbGlkJTIwbGlnaHRncmF5JTIwJTIxaW1wb3J0YW50JTNCJTBBJTIwJTIwJTIwJTIwd2lkdGglM0ElMjAzMDBweCUyMCUyMWltcG9ydGFudCUzQiUwQSUyMCUyMCUyMCUyMGhlaWdodCUzQSUyMDIwMHB4JTIwJTIxaW1wb3J0YW50JTNCJTBBJTIwJTIwJTIwJTIwY3Vyc29yJTNBJTIwcG9pbnRlciUyMCUyMWltcG9ydGFudCUzQiUwQSUyMCUyMCUyMCUyMGJhY2tncm91bmQtY29sb3IlM0ElMjB3aGl0ZSUyMCUyMWltcG9ydGFudCUzQiUwQSUyMCUyMCUyMCUyMGFsaWduLWl0ZW1zJTNBJTIwY2VudGVyJTIwJTIxaW1wb3J0YW50JTNCJTBBJTIwJTIwJTIwJTIwanVzdGlmeS1jb250ZW50JTNBJTIwY2VudGVyJTIwJTIxaW1wb3J0YW50JTNCJTBBJTIwJTIwJTIwJTIwY29sb3IlM0ElMjAlMjMwYTIyNDAlMjAlMjFpbXBvcnRhbnQlM0IlMEElMjAlMjAlMjAlMjBtaW4td2lkdGglM0ElMjAxMDBweCUyMCUyMWltcG9ydGFudCUzQiUwQSUyMCUyMCUyMCUyMG1hcmdpbi10b3AlM0ElMjAyMHB4JTIwJTIxaW1wb3J0YW50JTNCJTBBJTIwJTIwJTIwJTIwcGFkZGluZyUzQSUyMDE1cHglMjAlMjFpbXBvcnRhbnQlM0IlMEElMjAlMjAlMjAlMjBwb3NpdGlvbiUzQSUyMHJlbGF0aXZlJTIwJTIxaW1wb3J0YW50JTNCJTBBJTIwJTIwJTdEJTBBJTBBJTIwJTIwJTIzY29udGFpbmVyLWNsaWVudHMlMjAuaXRlbXMtY2xpZW50cyUyMGltZyUyMCU3QiUwQSUyMCUyMCUyMCUyMHdpZHRoJTNBJTIwOTAlMjUlMjAlMjFpbXBvcnRhbnQlM0IlMEElMjAlMjAlMjAlMjBoZWlnaHQlM0ElMjA5MCUyNSUyMCUyMWltcG9ydGFudCUzQiUwQSUyMCUyMCU3RCUwQSUzQyUyRnN0eWxlJTNFJTBBJTNDZGl2JTIwaWQlM0QlMjJjb250YWluZXItY2xpZW50cyUyMiUzRSUwQSUyMCUyMCUzQ2RpdiUyMGNsYXNzJTNEJTIybGluZSUyMiUzRSUwQSUyMCUyMCUyMCUyMCUzQ2RpdiUyMGNsYXNzJTNEJTIyaXRlbXMtY2xpZW50cyUyMiUzRSUwQSUyMCUyMCUyMCUyMCUyMCUyMCUzQ2ElMjBocmVmJTNEJTIyaHR0cHMlM0ElMkYlMkZ1bWJyZWxsYWZpbG1zLmNvbS5iciUyRiUyMiUyMHRhcmdldCUzRCUyMl9ibGFuayUyMiUzRSUzQ2ltZyUyMHNyYyUzRCUyMmh0dHBzJTNBJTJGJTJGd3d3LnVtYWdlbmNpYS5jb20lMkZ3cC1jb250ZW50JTJGdXBsb2FkcyUyRjIwMjIlMkYwMiUyRnVtYnJlbGxhLWZpbG1zLXVtLWFnZW5jaWEucG5nJTIyJTIwJTJGJTNFJTNDJTJGYSUzRSUwQSUyMCUyMCUyMCUyMCUzQyUyRmRpdiUzRSUwQSUwQSUyMCUyMCUyMCUyMCUzQ2RpdiUyMGNsYXNzJTNEJTIyaXRlbXMtY2xpZW50cyUyMiUzRSUwQSUyMCUyMCUyMCUyMCUyMCUyMCUzQ2ElMjBocmVmJTNEJTIyaHR0cHMlM0ElMkYlMkZzdXBlcmF0ZXJlc29wb2xpcy5jb20uYnIlMkYlMjIlMjB0YXJnZXQlM0QlMjJfYmxhbmslMjIlM0UlM0NpbWclMjBzcmMlM0QlMjJodHRwcyUzQSUyRiUyRnd3dy51bWFnZW5jaWEuY29tJTJGd3AtY29udGVudCUyRnVwbG9hZHMlMkYyMDIyJTJGMDIlMkZzdXBlcmEucG5nJTIyJTIwJTJGJTNFJTNDJTJGYSUzRSUwQSUyMCUyMCUyMCUyMCUzQyUyRmRpdiUzRSUwQSUyMCUyMCUzQyUyRmRpdiUzRSUwQSUwQSUyMCUyMCUzQ2RpdiUyMGNsYXNzJTNEJTIybGluZSUyMiUzRSUwQSUyMCUyMCUyMCUyMCUzQ2RpdiUyMGNsYXNzJTNEJTIyaXRlbXMtY2xpZW50cyUyMiUzRSUwQSUyMCUyMCUyMCUyMCUyMCUyMCUzQ2ElMjBocmVmJTNEJTIyaHR0cHMlM0ElMkYlMkZ3d3cuaW5zdGFncmFtLmNvbSUyRnVtLnNjaG9vbCUyRiUyMiUyMHRhcmdldCUzRCUyMl9ibGFuayUyMiUzRSUzQ2ltZyUyMHNyYyUzRCUyMmh0dHBzJTNBJTJGJTJGd3d3LnVtYWdlbmNpYS5jb20lMkZ3cC1jb250ZW50JTJGdXBsb2FkcyUyRjIwMjIlMkYwMiUyRnVtLXNjaG9vbC5wbmclMjIlMjAlMkYlM0UlM0MlMkZhJTNFJTBBJTIwJTIwJTIwJTIwJTNDJTJGZGl2JTNFJTBBJTIwJTIwJTNDJTJGZGl2JTNFJTBBJTNDJTJGZGl2JTNF[\/vc_raw_html][\/vc_column][\/vc_row][vc_row section_background_color=&#8221;#01f7b6&#8243; use_container=&#8221;yes&#8221; conter_content=&#8221;yes&#8221; use_predefined_class=&#8221;yes&#8221; section_background_image=&#8221;4678&#8243; predefined_class=&#8221;noise&#8221; css=&#8221;.vc_custom_1684369756476{background-color: rgba(216,216,216,0.83) !important;*background-color: rgb(216,216,216) !important;}&#8221;][vc_column][ts_section_title animate_block=&#8221;yes&#8221; animation_type=&#8221;fadeIn&#8221; tagline=&#8221;VAMOS COEVOLUIR&#8221; title=&#8221;Quer fazer parte do nosso<br \/>\nguarda-chuva?&#8221; background_title=&#8221;Equipe&#8221;][vc_btn title=&#8221;Conhe\u00e7a as carreiras na Um&#8221; style=&#8221;3d&#8221; color=&#8221;danger&#8221; link=&#8221;url:https%3A%2F%2Fwww.umagencia.com%2Fcarreiras%23vemserum|title:Conhe%C3%A7a%20as%20carreiras%20na%20Um&#8221; el_class=&#8221;btn-1&#8243;][\/vc_column][\/vc_row]<\/p>\n<\/div>","protected":false},"excerpt":{"rendered":"<p>[vc_row use_container=&#8221;yes&#8221; use_predefined_class=&#8221;yes&#8221;][vc_column][ts_section_title animate_block=&#8221;yes&#8221; animation_type=&#8221;fadeIn&#8221; tagline=&#8221;Conhe\u00e7a a UM&#8221; title=&#8221;Somos especialistas em fazer a sua marca crescer&#8221; background_title=&#8221;Um Ag\u00eancia&#8221;][vc_row_inner][vc_column_inner offset=&#8221;vc_col-md-5&#8243;][ts_text_block animate_block=&#8221;yes&#8221; animation_type=&#8221;fadeIn&#8221;] Temos paix\u00e3o por resultados e, por isso, vamos al\u00e9m [\/ts_text_block][\/vc_column_inner][vc_column_inner offset=&#8221;vc_col-md-7&#8243;][ts_text_block animate_block=&#8221;yes&#8221; animation_type=&#8221;fadeIn&#8221; animation_delay=&#8221;0.01s&#8221;] 14 anos de expertise Clientes em todas as regi\u00f5es do Brasil Unidades no RJ e SP Portf\u00f3lio de mais de [&hellip;]<\/p>\n","protected":false},"author":1,"featured_media":0,"parent":0,"menu_order":0,"comment_status":"closed","ping_status":"closed","template":"page-builder.php","meta":{"footnotes":""},"class_list":["post-1866","page","type-page","status-publish","hentry"],"aioseo_notices":[],"_links":{"self":[{"href":"https:\/\/www.umagencia.com\/umv1\/wp-json\/wp\/v2\/pages\/1866","targetHints":{"allow":["GET"]}}],"collection":[{"href":"https:\/\/www.umagencia.com\/umv1\/wp-json\/wp\/v2\/pages"}],"about":[{"href":"https:\/\/www.umagencia.com\/umv1\/wp-json\/wp\/v2\/types\/page"}],"author":[{"embeddable":true,"href":"https:\/\/www.umagencia.com\/umv1\/wp-json\/wp\/v2\/users\/1"}],"replies":[{"embeddable":true,"href":"https:\/\/www.umagencia.com\/umv1\/wp-json\/wp\/v2\/comments?post=1866"}],"version-history":[{"count":11,"href":"https:\/\/www.umagencia.com\/umv1\/wp-json\/wp\/v2\/pages\/1866\/revisions"}],"predecessor-version":[{"id":4767,"href":"https:\/\/www.umagencia.com\/umv1\/wp-json\/wp\/v2\/pages\/1866\/revisions\/4767"}],"wp:attachment":[{"href":"https:\/\/www.umagencia.com\/umv1\/wp-json\/wp\/v2\/media?parent=1866"}],"curies":[{"name":"wp","href":"https:\/\/api.w.org\/{rel}","templated":true}]}}